{"id":8,"date":"2024-04-02T18:52:35","date_gmt":"2024-04-02T18:52:35","guid":{"rendered":"https:\/\/energiakaari.fi\/?page_id=8"},"modified":"2024-12-19T19:01:15","modified_gmt":"2024-12-19T19:01:15","slug":"etusivu","status":"publish","type":"page","link":"https:\/\/energiakaari.fi\/","title":{"rendered":"Etusivu"},"content":{"rendered":"\n\n  <div class=\"banner has-hover\" id=\"banner-1838881778\">\n          <div class=\"banner-inner fill\">\n        <div class=\"banner-bg fill\" >\n            <div class=\"bg fill bg-fill \"><\/div>\n                        <div class=\"overlay\"><\/div>            \n                    <\/div>\n\t\t\n        <div class=\"banner-layers container\">\n            <div class=\"fill banner-link\"><\/div>            \n\n   <div id=\"text-box-1924536488\" class=\"text-box banner-layer x0 md-x0 lg-x0 y95 md-y50 lg-y50 res-text\">\n                                <div class=\"text-box-content text box-shadow-1\">\n              \n              <div class=\"text-inner text-left\">\n                  \n\n<h6>Energiakaari Oy<\/h6>\n<h4 class=\"uppercase\"><strong>Energia-alan asiantuntijayritys<\/strong><\/h4>\n<p><span style=\"font-weight: 400;\">Tarjoamme asiakkaillemme energiatodistuksia, energiaselvityksi\u00e4 sek\u00e4 tarvittaessa energiatehokkuuteen liittyv\u00e4\u00e4 konsultointia.\u00a0<\/span><\/p>\n<p>Olemme toimineet vuodesta 2013 alkaen. T\u00e4h\u00e4n p\u00e4iv\u00e4\u00e4n menness\u00e4 tehtyj\u00e4 energiatodistuksia ja -selvityksi\u00e4 yhteens\u00e4 noin 1600 kpl.<\/p>\n<a href=\"#energiatodistus\" target=\"_self\" class=\"button secondary expand\"  style=\"border-radius:99px;\">\n    <span>Energiatodistukset<\/span>\n  <\/a>\n\n\n<a href=\"#energiatehokkuus\" target=\"_self\" class=\"button primary expand\"  style=\"border-radius:99px;\">\n    <span>Energiaselvitykset uudiskohteisiin<\/span>\n  <\/a>\n\n\n\n              <\/div>\n           <\/div>\n                            \n<style>\n#text-box-1924536488 .text-box-content {\n  background-color: rgba(255, 255, 255, 0.94);\n  border-radius: 20px;\n  font-size: 100%;\n}\n#text-box-1924536488 .text-inner {\n  padding: 30px 30px 30px 30px;\n}\n#text-box-1924536488 {\n  width: 90%;\n}\n@media (min-width:550px) {\n  #text-box-1924536488 {\n    width: 51%;\n  }\n}\n<\/style>\n    <\/div>\n \n\n        <\/div>\n      <\/div>\n\n            \n<style>\n#banner-1838881778 {\n  padding-top: 637px;\n  background-color: rgb(255,255,255);\n}\n#banner-1838881778 .bg.bg-loaded {\n  background-image: url(https:\/\/energiakaari.fi\/wp-content\/uploads\/2024\/04\/DJI_0442-2048x1535.jpg);\n}\n#banner-1838881778 .overlay {\n  background-color: rgba(0, 0, 0, 0.227);\n}\n#banner-1838881778 .bg {\n  background-position: 64% 37%;\n}\n#banner-1838881778 .ux-shape-divider--top svg {\n  height: 150px;\n  --divider-top-width: 100%;\n}\n#banner-1838881778 .ux-shape-divider--bottom svg {\n  height: 150px;\n  --divider-width: 100%;\n}\n<\/style>\n  <\/div>\n\n\n\t<section class=\"section\" id=\"section_742695307\">\n\t\t<div class=\"bg section-bg fill bg-fill  bg-loaded\" >\n\n\t\t\t\n\t\t\t\n\t\t\t\n\n\t\t<\/div>\n\n\t\t\n\n\t\t<div class=\"section-content relative\">\n\t\t\t\n\n<div class=\"row row-large align-center row-divided\"  id=\"row-570737135\">\n\n\n\t<div id=\"col-655355504\" class=\"col medium-4 large-4\"  >\n\t\t\t\t<div class=\"col-inner\"  >\n\t\t\t\n\t\t\t\n\n\n\t\t<div class=\"icon-box featured-box icon-box-center text-center\"  style=\"margin:0px 0px 0px 0px;\">\n\t\t\t\t\t<div class=\"icon-box-img has-icon-bg\" style=\"width: 20px\">\n\t\t\t\t<div class=\"icon\">\n\t\t\t\t\t<div class=\"icon-inner\" style=\"border-width:2px;\">\n\t\t\t\t\t\t\t\t\t\t\t<\/div>\n\t\t\t\t<\/div>\n\t\t\t<\/div>\n\t\t\t\t<div class=\"icon-box-text last-reset\">\n\t\t\t<h5 class=\"uppercase\">Energiatodistukset<\/h5>\t\t\t\t\t\t\n\n<p><span style=\"font-weight: 400;\">Meilt\u00e4 kaikki energiatodistuspalvelut taloyhti\u00f6ille ja yksityisille. Toimimme Tampereelta k\u00e4sin koko Pirkanmaan alueella.<\/span><\/p>\n\n\t\t<\/div>\n\t<\/div>\n\t\n\t\n\n\t\t<\/div>\n\t\t\t\t\t<\/div>\n\n\t\n\n\t<div id=\"col-1422951718\" class=\"col medium-4 large-4\"  >\n\t\t\t\t<div class=\"col-inner\"  >\n\t\t\t\n\t\t\t\n\n\n\t\t<div class=\"icon-box featured-box icon-box-center text-center\"  style=\"margin:0px 0px 0px 0px;\">\n\t\t\t\t\t<div class=\"icon-box-img has-icon-bg\" style=\"width: 20px\">\n\t\t\t\t<div class=\"icon\">\n\t\t\t\t\t<div class=\"icon-inner\" style=\"border-width:2px;\">\n\t\t\t\t\t\t\t\t\t\t\t<\/div>\n\t\t\t\t<\/div>\n\t\t\t<\/div>\n\t\t\t\t<div class=\"icon-box-text last-reset\">\n\t\t\t<h5 class=\"uppercase\">Energiaselvitykset uudiskohteisiin<\/h5>\t\t\t\t\t\t\n\n<p><span style=\"font-weight: 400;\">Teemme energiaselvitykset uudisrakennuksille rakennusluvan liitteeksi, sek\u00e4 tarvittavat p\u00e4ivitykset rakennuksen k\u00e4ytt\u00f6\u00f6noton yhteydess\u00e4.<\/span><\/p>\n\n\t\t<\/div>\n\t<\/div>\n\t\n\t\n\n\t\t<\/div>\n\t\t\t\t\t<\/div>\n\n\t\n\n\t<div id=\"col-729491239\" class=\"col medium-4 small-12 large-4\"  >\n\t\t\t\t<div class=\"col-inner\"  >\n\t\t\t\n\t\t\t\n\n\n\t\t<\/div>\n\t\t\t\t\t<\/div>\n\n\t\n\n<\/div>\n\n\t\t<\/div>\n\n\t\t\n<style>\n#section_742695307 {\n  padding-top: 30px;\n  padding-bottom: 30px;\n  background-color: rgb(255, 255, 255);\n}\n#section_742695307 .ux-shape-divider--top svg {\n  height: 150px;\n  --divider-top-width: 100%;\n}\n#section_742695307 .ux-shape-divider--bottom svg {\n  height: 150px;\n  --divider-width: 100%;\n}\n<\/style>\n\t<\/section>\n\t\n\t<section class=\"section\" id=\"section_1419113284\">\n\t\t<div class=\"bg section-bg fill bg-fill  bg-loaded\" >\n\n\t\t\t\n\t\t\t<div class=\"section-bg-overlay absolute fill\"><\/div>\n\t\t\t\n\t<div class=\"is-border\"\n\t\tstyle=\"border-width:1px 0px 1px 0px;\">\n\t<\/div>\n\n\t\t<\/div>\n\n\t\t\n\n\t\t<div class=\"section-content relative\">\n\t\t\t\n\n<div class=\"row row-large align-middle\"  id=\"row-2063876831\">\n\n\n\t<div id=\"col-327088424\" class=\"col medium-6 small-12 large-6\"  >\n\t\t\t\t<div class=\"col-inner\"  >\n\t\t\t\n\t\t\t\n\n\t<div class=\"img has-hover x md-x lg-x y md-y lg-y\" id=\"image_234578122\">\n\t\t\t\t\t\t\t\t<div class=\"img-inner box-shadow-2 dark\" >\n\t\t\t<img loading=\"lazy\" decoding=\"async\" width=\"1000\" height=\"1000\" src=\"https:\/\/energiakaari.fi\/wp-content\/uploads\/2024\/04\/Nimeton-malli-21.png\" class=\"attachment-large size-large\" alt=\"\" srcset=\"https:\/\/energiakaari.fi\/wp-content\/uploads\/2024\/04\/Nimeton-malli-21.png 1000w, https:\/\/energiakaari.fi\/wp-content\/uploads\/2024\/04\/Nimeton-malli-21-300x300.png 300w, https:\/\/energiakaari.fi\/wp-content\/uploads\/2024\/04\/Nimeton-malli-21-150x150.png 150w, https:\/\/energiakaari.fi\/wp-content\/uploads\/2024\/04\/Nimeton-malli-21-768x768.png 768w\" sizes=\"auto, (max-width: 1000px) 100vw, 1000px\" \/>\t\t\t\t\t\t\n\t\t\t\t\t<\/div>\n\t\t\t\t\t\t\t\t\n<style>\n#image_234578122 {\n  width: 100%;\n}\n<\/style>\n\t<\/div>\n\t\n\n\n\t\t<\/div>\n\t\t\t\t\t<\/div>\n\n\t\n\n\t<div id=\"col-1603170938\" class=\"col medium-6 small-12 large-6\"  >\n\t\t\t\t<div class=\"col-inner text-left\"  >\n\t\t\t\n\t\t\t\n\n<span class=\"scroll-to\" data-label=\"Scroll to: #energiatodistus\" data-bullet=\"false\" data-link=\"#energiatodistus\" data-title=\"Change this\"><a name=\"energiatodistus\"><\/a><\/span>\n\n<h2 class=\"uppercase\"><b>Energiatodistus<\/b><\/h2>\n<p><span style=\"font-weight: 400;\">Energiatodistus on yhteisesti sovittu vertailuty\u00f6kalu, jonka avulla rakennuksen energiatehokkuutta voidaan helposti verrata muihin vastaaviin rakennuksiin. Energiatodistuksessa ilmoitetaan laskennallinen energiam\u00e4\u00e4r\u00e4, joka tarvitaan rakennuksen tarkoitustaan vastaavaan k\u00e4ytt\u00f6\u00f6n. Energiatehokkuuden perusteella kiinteist\u00f6lle m\u00e4\u00e4ritell\u00e4\u00e4n energialuokka asteikolla A-G, jotta energiatehokkuuden arviointi ja vertaaminen muihin vastaaviin rakennuksiin olisi mahdollista.\u00a0<\/span><\/p>\n<p>Energiatodistus on lakis\u00e4\u00e4teinen rakennusta tai sen osaa myyt\u00e4ess\u00e4 tai vuokrattaessa, muutamia poikkeuksia lukuunottamatta.\u00a0<\/p>\n<p>Energiatodistus on aina rakennuskohtainen, ei esimerkiksi asuntokohtainen.<\/p>\n<p><span style=\"font-weight: 400;\">Energiatodistus on ollut Suomessa k\u00e4yt\u00f6ss\u00e4 vuodesta 2008 uudisrakentamisessa sek\u00e4 vuodesta 2009 yli 6 asunnon vanhoissa rakennuksissa.<\/span><\/p>\n<p>Viimeisin lains\u00e4\u00e4d\u00e4nt\u00f6 on vuodelta 2018.<\/p>\n<p>Energiatodistuksen tekeminen vaatii aina laatijan paikalla k\u00e4ynnin.<\/p>\n<a href=\"#yhteys\" target=\"_self\" class=\"button primary expand\"  style=\"border-radius:99px;\">\n    <span>Ota yhteytt\u00e4<\/span>\n  <\/a>\n\n\n\n\t\t<\/div>\n\t\t\t\t\t<\/div>\n\n\t\n\n<\/div>\n\n\t\t<\/div>\n\n\t\t\n<style>\n#section_1419113284 {\n  padding-top: 60px;\n  padding-bottom: 60px;\n  background-color: rgb(193, 193, 193);\n}\n#section_1419113284 .section-bg-overlay {\n  background-color: rgba(255, 255, 255, 0.85);\n}\n#section_1419113284 .ux-shape-divider--top svg {\n  height: 150px;\n  --divider-top-width: 100%;\n}\n#section_1419113284 .ux-shape-divider--bottom svg {\n  height: 150px;\n  --divider-width: 100%;\n}\n<\/style>\n\t<\/section>\n\t\n\t<section class=\"section\" id=\"section_1526119274\">\n\t\t<div class=\"bg section-bg fill bg-fill  bg-loaded\" >\n\n\t\t\t\n\t\t\t<div class=\"section-bg-overlay absolute fill\"><\/div>\n\t\t\t\n\n\t\t<\/div>\n\n\t\t\n\n\t\t<div class=\"section-content relative\">\n\t\t\t\n\n<span class=\"scroll-to\" data-label=\"Scroll to: #energiatehokkuus\" data-bullet=\"false\" data-link=\"#energiatehokkuus\" data-title=\"Change this\"><a name=\"energiatehokkuus\"><\/a><\/span>\n\n<div class=\"row row-large align-middle\"  id=\"row-173668428\">\n\n\n\t<div id=\"col-793511773\" class=\"col medium-6 small-12 large-6\"  >\n\t\t\t\t<div class=\"col-inner text-left\"  >\n\t\t\t\n\t\t\t\n\n<h1><b>Energiaselvitykset<\/b><\/h1>\n<p><span style=\"font-weight: 400;\">Energiaselvitys tarvitaan haettaessa uudisrakennukselle rakennuslupaa. Energiaselvitys tehd\u00e4\u00e4n suunnitelmien perustella. Energiaselvityst\u00e4 varten tarvitaan arkkitehtipiirustukset, sek\u00e4 tiedot rakennukseen suunnitellusta talotekniikasta. <\/span><\/p>\n<p><span style=\"font-weight: 400;\">Rakennusvalvonnalle tulee esitt\u00e4\u00e4 tasauslaskelma, E-lukulaskelma, energiatodistus sek\u00e4 itse energiaselvitys.\u00a0<\/span><\/p>\n<p>Kun rakennus otetaan k\u00e4ytt\u00f6\u00f6n, energiatodistus p\u00e4ivitet\u00e4\u00e4n vastaamaan toteutusta.\u00a0<\/p>\n<p>\u00a0<\/p>\n\n\t\t<\/div>\n\t\t\t\t\t<\/div>\n\n\t\n\n\t<div id=\"col-750812916\" class=\"col medium-6 small-12 large-6\"  >\n\t\t\t\t<div class=\"col-inner\"  >\n\t\t\t\n\t\t\t\n\n<h3><b>Taloyhti\u00f6ille:<\/b><\/h3>\n<p><span style=\"font-weight: 400;\">Suomen kerrostalokannan ilmanvaihto 1960-luvulta 2000-luvulle asti on toteutettu p\u00e4\u00e4osin koneellisella poistolla. N\u00e4iss\u00e4 kerrostaloissa koneellisen poiston l\u00e4mp\u00f6h\u00e4vi\u00f6t ovat VTT:n tutkimuksen mukaan jopa 45% kokonaisl\u00e4mp\u00f6h\u00e4vi\u00f6ist\u00e4. Poistoilman l\u00e4mp\u00f6 voidaan nykytekniikalla ottaa tehokkaasti talteen ja palauttaa kiinteist\u00f6n l\u00e4mmitykseen.<\/span><\/p>\n<p><span style=\"font-weight: 400;\">Avullamme kerrostaloyhti\u00f6t voivat laskea l\u00e4mm\u00f6ntalteenoton s\u00e4\u00e4st\u00f6potentiaalin, sek\u00e4 kilpailuttaa mahdollinen poistoilman l\u00e4mm\u00f6ntalteenoton toteutus.<\/span><\/p>\n\n\t\t<\/div>\n\t\t\t\t\t<\/div>\n\n\t\n\n<\/div>\n\n\t\t<\/div>\n\n\t\t\n<style>\n#section_1526119274 {\n  padding-top: 60px;\n  padding-bottom: 60px;\n  background-color: rgb(255, 255, 255);\n}\n#section_1526119274 .section-bg-overlay {\n  background-color: rgba(255, 255, 255, 0.85);\n}\n#section_1526119274 .ux-shape-divider--top svg {\n  height: 150px;\n  --divider-top-width: 100%;\n}\n#section_1526119274 .ux-shape-divider--bottom svg {\n  height: 150px;\n  --divider-width: 100%;\n}\n<\/style>\n\t<\/section>\n\t\n\t<section class=\"section\" id=\"section_2120407298\">\n\t\t<div class=\"bg section-bg fill bg-fill  bg-loaded\" >\n\n\t\t\t\n\t\t\t\n\t\t\t\n\t<div class=\"is-border\"\n\t\tstyle=\"border-width:1px 0px 1px 0px;\">\n\t<\/div>\n\n\t\t<\/div>\n\n\t\t\n\n\t\t<div class=\"section-content relative\">\n\t\t\t\n\n<span class=\"scroll-to\" data-label=\"Scroll to: #yhteys\" data-bullet=\"false\" data-link=\"#yhteys\" data-title=\"Change this\"><a name=\"yhteys\"><\/a><\/span>\n\n<div class=\"row align-bottom\"  id=\"row-1474008226\">\n\n\n\t<div id=\"col-1472479039\" class=\"col medium-6 small-12 large-6\"  >\n\t\t\t\t<div class=\"col-inner\"  >\n\t\t\t\n\t\t\t\n\n<h2 class=\"uppercase\">Ota yhteytt\u00e4<\/h2>\n<p><b>Juhani Klint<\/b><\/p>\n<p><b>040 413 4373<\/b><\/p>\n<p><b>juhani@energiakaari.fi tai\u00a0<\/b><strong>klint.juhani@gmail.com<\/strong><\/p>\n<p>\u00a0<\/p>\n\n\t\t<\/div>\n\t\t\t\t\t<\/div>\n\n\t\n\n\t<div id=\"col-223924991\" class=\"col medium-6 small-12 large-6\"  >\n\t\t\t\t<div class=\"col-inner\"  >\n\t\t\t\n\t\t\t\n\n<p><b>Energiakaari Oy<\/b><\/p>\n<p><b>H\u00e4meenpuisto 39 A 27c, 33200 TAMPERE<\/b><\/p>\n<p><b>Y-tunnus: 2528800-4<\/b><\/p>\n\n\t\t<\/div>\n\t\t\t\t\t<\/div>\n\n\t\n\n<\/div>\n\n\t\t<\/div>\n\n\t\t\n<style>\n#section_2120407298 {\n  padding-top: 43px;\n  padding-bottom: 43px;\n  min-height: 276px;\n  background-color: rgb(241, 241, 241);\n}\n#section_2120407298 .ux-shape-divider--top svg {\n  height: 150px;\n  --divider-top-width: 100%;\n}\n#section_2120407298 .ux-shape-divider--bottom svg {\n  height: 150px;\n  --divider-width: 100%;\n}\n<\/style>\n\t<\/section>\n\t\n\n","protected":false},"excerpt":{"rendered":"","protected":false},"author":1,"featured_media":0,"parent":0,"menu_order":0,"comment_status":"closed","ping_status":"closed","template":"page-blank.php","meta":{"footnotes":""},"class_list":["post-8","page","type-page","status-publish","hentry"],"yoast_head":"<!-- This site is optimized with the Yoast SEO plugin v22.3 - https:\/\/yoast.com\/wordpress\/plugins\/seo\/ -->\n<title>Etusivu - Energiakaari<\/title>\n<meta name=\"robots\" content=\"index, follow, max-snippet:-1, max-image-preview:large, max-video-preview:-1\" \/>\n<link rel=\"canonical\" href=\"https:\/\/energiakaari.fi\/\" \/>\n<meta property=\"og:locale\" content=\"en_US\" \/>\n<meta property=\"og:type\" content=\"article\" \/>\n<meta property=\"og:title\" content=\"Etusivu - Energiakaari\" \/>\n<meta property=\"og:url\" content=\"https:\/\/energiakaari.fi\/\" \/>\n<meta property=\"og:site_name\" content=\"Energiakaari\" \/>\n<meta property=\"article:modified_time\" content=\"2024-12-19T19:01:15+00:00\" \/>\n<meta name=\"twitter:card\" content=\"summary_large_image\" \/>\n<meta name=\"twitter:label1\" content=\"Est. reading time\" \/>\n\t<meta name=\"twitter:data1\" content=\"2 minutes\" \/>\n<script type=\"application\/ld+json\" class=\"yoast-schema-graph\">{\"@context\":\"https:\/\/schema.org\",\"@graph\":[{\"@type\":\"WebPage\",\"@id\":\"https:\/\/energiakaari.fi\/\",\"url\":\"https:\/\/energiakaari.fi\/\",\"name\":\"Etusivu - Energiakaari\",\"isPartOf\":{\"@id\":\"https:\/\/energiakaari.fi\/#website\"},\"datePublished\":\"2024-04-02T18:52:35+00:00\",\"dateModified\":\"2024-12-19T19:01:15+00:00\",\"breadcrumb\":{\"@id\":\"https:\/\/energiakaari.fi\/#breadcrumb\"},\"inLanguage\":\"en-US\",\"potentialAction\":[{\"@type\":\"ReadAction\",\"target\":[\"https:\/\/energiakaari.fi\/\"]}]},{\"@type\":\"BreadcrumbList\",\"@id\":\"https:\/\/energiakaari.fi\/#breadcrumb\",\"itemListElement\":[{\"@type\":\"ListItem\",\"position\":1,\"name\":\"Home\",\"item\":\"https:\/\/energiakaari.fi\/\"},{\"@type\":\"ListItem\",\"position\":2,\"name\":\"Etusivu\"}]},{\"@type\":\"WebSite\",\"@id\":\"https:\/\/energiakaari.fi\/#website\",\"url\":\"https:\/\/energiakaari.fi\/\",\"name\":\"Energiakaari\",\"description\":\"\",\"potentialAction\":[{\"@type\":\"SearchAction\",\"target\":{\"@type\":\"EntryPoint\",\"urlTemplate\":\"https:\/\/energiakaari.fi\/?s={search_term_string}\"},\"query-input\":\"required name=search_term_string\"}],\"inLanguage\":\"en-US\"}]}<\/script>\n<!-- \/ Yoast SEO plugin. -->","yoast_head_json":{"title":"Etusivu - Energiakaari","robots":{"index":"index","follow":"follow","max-snippet":"max-snippet:-1","max-image-preview":"max-image-preview:large","max-video-preview":"max-video-preview:-1"},"canonical":"https:\/\/energiakaari.fi\/","og_locale":"en_US","og_type":"article","og_title":"Etusivu - Energiakaari","og_url":"https:\/\/energiakaari.fi\/","og_site_name":"Energiakaari","article_modified_time":"2024-12-19T19:01:15+00:00","twitter_card":"summary_large_image","twitter_misc":{"Est. reading time":"2 minutes"},"schema":{"@context":"https:\/\/schema.org","@graph":[{"@type":"WebPage","@id":"https:\/\/energiakaari.fi\/","url":"https:\/\/energiakaari.fi\/","name":"Etusivu - Energiakaari","isPartOf":{"@id":"https:\/\/energiakaari.fi\/#website"},"datePublished":"2024-04-02T18:52:35+00:00","dateModified":"2024-12-19T19:01:15+00:00","breadcrumb":{"@id":"https:\/\/energiakaari.fi\/#breadcrumb"},"inLanguage":"en-US","potentialAction":[{"@type":"ReadAction","target":["https:\/\/energiakaari.fi\/"]}]},{"@type":"BreadcrumbList","@id":"https:\/\/energiakaari.fi\/#breadcrumb","itemListElement":[{"@type":"ListItem","position":1,"name":"Home","item":"https:\/\/energiakaari.fi\/"},{"@type":"ListItem","position":2,"name":"Etusivu"}]},{"@type":"WebSite","@id":"https:\/\/energiakaari.fi\/#website","url":"https:\/\/energiakaari.fi\/","name":"Energiakaari","description":"","potentialAction":[{"@type":"SearchAction","target":{"@type":"EntryPoint","urlTemplate":"https:\/\/energiakaari.fi\/?s={search_term_string}"},"query-input":"required name=search_term_string"}],"inLanguage":"en-US"}]}},"_links":{"self":[{"href":"https:\/\/energiakaari.fi\/index.php\/wp-json\/wp\/v2\/pages\/8","targetHints":{"allow":["GET"]}}],"collection":[{"href":"https:\/\/energiakaari.fi\/index.php\/wp-json\/wp\/v2\/pages"}],"about":[{"href":"https:\/\/energiakaari.fi\/index.php\/wp-json\/wp\/v2\/types\/page"}],"author":[{"embeddable":true,"href":"https:\/\/energiakaari.fi\/index.php\/wp-json\/wp\/v2\/users\/1"}],"replies":[{"embeddable":true,"href":"https:\/\/energiakaari.fi\/index.php\/wp-json\/wp\/v2\/comments?post=8"}],"version-history":[{"count":58,"href":"https:\/\/energiakaari.fi\/index.php\/wp-json\/wp\/v2\/pages\/8\/revisions"}],"predecessor-version":[{"id":85,"href":"https:\/\/energiakaari.fi\/index.php\/wp-json\/wp\/v2\/pages\/8\/revisions\/85"}],"wp:attachment":[{"href":"https:\/\/energiakaari.fi\/index.php\/wp-json\/wp\/v2\/media?parent=8"}],"curies":[{"name":"wp","href":"https:\/\/api.w.org\/{rel}","templated":true}]}}